{"id":163,"date":"2022-07-01T16:31:37","date_gmt":"2022-07-01T16:31:37","guid":{"rendered":"https:\/\/apeajal.com\/en\/?page_id=163"},"modified":"2022-08-16T19:59:26","modified_gmt":"2022-08-16T19:59:26","slug":"contact","status":"publish","type":"page","link":"https:\/\/apeajal.com\/en\/contact\/","title":{"rendered":"Contact"},"content":{"rendered":"<div id='av_section_1'  class='avia-section av-l52lxokp-fb4cda7990d113147a3741f59b8151c6 main_color avia-section-default avia-no-border-styling  avia-builder-el-0  avia-builder-el-no-sibling  contacto-section avia-bg-style-scroll  container_wrap fullsize'  ><div class='container av-section-cont-open' ><main  role=\"main\" itemprop=\"mainContentOfPage\"  class='template-page content  av-content-full alpha units'><div class='post-entry post-entry-type-page post-entry-163'><div class='entry-content-wrapper clearfix'>\n<div class='flex_column av-7utgb-fa2b5b3dbd1bab40a723334ad7069720 av_one_full  avia-builder-el-1  el_before_av_one_half  avia-builder-el-first  first flex_column_div  av-animated-generic fade-in '   ><style type=\"text\/css\" data-created_by=\"avia_inline_auto\" id=\"style-css-av-l52lz86z-df1938144d97c1284eff45b2cd0a4bd3\">\n#top .av-special-heading.av-l52lz86z-df1938144d97c1284eff45b2cd0a4bd3{\npadding-bottom:10px;\n}\n<\/style>\n<div  class='av-special-heading av-l52lz86z-df1938144d97c1284eff45b2cd0a4bd3 av-special-heading-h2 blockquote modern-quote modern-centered  avia-builder-el-2  avia-builder-el-no-sibling  bottom-border '><h2 class='av-special-heading-tag '  itemprop=\"headline\"  >APEAJAL Contact<\/h2><div class='special-heading-border'><div class='special-heading-inner-border'><\/div><\/div><\/div><\/div><div class='flex_column_table av-l52m7f3c-3233345d8a55dc2d072efec6ac17fed2 sc-av_one_half av-break-at-tablet-flextable av-equal-height-column-flextable'><div class='flex_column av-l52m7f3c-3233345d8a55dc2d072efec6ac17fed2 av_one_half  avia-builder-el-3  el_after_av_one_full  el_before_av_one_fourth  contacto-col-1 first no_margin av-break-at-tablet flex_column_table_cell av-equal-height-column av-align-top column-top-margin'   ><\/div><div class='flex_column av-l52m76h0-d788e529a1e2953e73c6f5bfc5bb27e2 av_one_fourth  avia-builder-el-5  el_after_av_one_half  el_before_av_one_fourth  contacto-col-2 no_margin av-break-at-tablet flex_column_table_cell av-equal-height-column av-align-top column-top-margin'   ><section  class='av_textblock_section av-l52m6t3a-4832bc1e68c095594d9afc0add1acb3b '  itemscope=\"itemscope\" itemtype=\"https:\/\/schema.org\/CreativeWork\" ><div class='avia_textblock '  itemprop=\"text\" ><div class=\"avia-image-container av-l52m3khy-ce36d20111f7a36db80956f15abf7404 av-styling- avia-align-left avia-builder-el-6 el_before_av_textblock avia-builder-el-first \">\n<div class=\"avia-image-container-inner\">\n<div class=\"avia-image-overlay-wrap\"><img decoding=\"async\" class=\"wp-image-164 avia-img-lazy-loading-not-164 avia_image\" title=\"apeajal-logo-black\" src=\"https:\/\/apeajal.com\/en\/wp-content\/uploads\/2022\/07\/apeajal-logo-black.png\" alt=\"\" width=\"104\" height=\"69\" \/><\/div>\n<\/div>\n<\/div>\n<p><a class=\"icon-pin\" title=\"Ir a Google Maps\" href=\"https:\/\/goo.gl\/maps\/j8qtbVywc8PyzLEm7\" target=\"_blank\" rel=\"noopener\"><span class=\"s1\">F\u00e9lix Torres Milan\u00e9s 239-A, Colonia Centro, Cd. Guzm\u00e1n, Jalisco,CP 49000<\/span><\/a><\/p>\n<p><a class=\"icon-phone\" href=\"tel:3414106995\"><span class=\"s1\">(+52) 341-4106995<\/span><\/a><\/p>\n<p><a class=\"icon-email\" href=\"mailto:info@apeajal.com\"><span class=\"s1\">info@apeajal.com<\/span><\/a><\/p>\n<\/div><\/section><\/div><div class='flex_column av-l52m7kgd-88475a68e1a069215d6fdd320901e4b7 av_one_fourth  avia-builder-el-7  el_after_av_one_fourth  avia-builder-el-last  contacto-col-3 no_margin av-break-at-tablet flex_column_table_cell av-equal-height-column av-align-top column-top-margin'   ><\/div><\/div><!--close column table wrapper. Autoclose: 1 -->\n","protected":false},"excerpt":{"rendered":"","protected":false},"author":1,"featured_media":0,"parent":0,"menu_order":0,"comment_status":"closed","ping_status":"closed","template":"","meta":{"inline_featured_image":false,"footnotes":""},"class_list":["post-163","page","type-page","status-publish","hentry"],"_links":{"self":[{"href":"https:\/\/apeajal.com\/en\/wp-json\/wp\/v2\/pages\/163","targetHints":{"allow":["GET"]}}],"collection":[{"href":"https:\/\/apeajal.com\/en\/wp-json\/wp\/v2\/pages"}],"about":[{"href":"https:\/\/apeajal.com\/en\/wp-json\/wp\/v2\/types\/page"}],"author":[{"embeddable":true,"href":"https:\/\/apeajal.com\/en\/wp-json\/wp\/v2\/users\/1"}],"replies":[{"embeddable":true,"href":"https:\/\/apeajal.com\/en\/wp-json\/wp\/v2\/comments?post=163"}],"version-history":[{"count":7,"href":"https:\/\/apeajal.com\/en\/wp-json\/wp\/v2\/pages\/163\/revisions"}],"predecessor-version":[{"id":334,"href":"https:\/\/apeajal.com\/en\/wp-json\/wp\/v2\/pages\/163\/revisions\/334"}],"wp:attachment":[{"href":"https:\/\/apeajal.com\/en\/wp-json\/wp\/v2\/media?parent=163"}],"curies":[{"name":"wp","href":"https:\/\/api.w.org\/{rel}","templated":true}]}}